{"id":1155,"date":"2016-11-29T08:50:33","date_gmt":"2016-11-29T08:50:33","guid":{"rendered":"http:\/\/www.demian.be\/product\/droste-rombouts-monika-droste-et-guy-rombouts-inventaire\/"},"modified":"2021-02-14T11:28:30","modified_gmt":"2021-02-14T11:28:30","slug":"droste-rombouts-monika-droste-et-guy-rombouts-inventaire","status":"publish","type":"product","link":"https:\/\/www.demian.be\/en\/product\/droste-rombouts-monika-droste-et-guy-rombouts-inventaire\/","title":{"rendered":"Droste-Rombouts (Monika Droste et Guy Rombouts). Inventaire."},"content":{"rendered":"","protected":false},"excerpt":{"rendered":"<p>1991 Bruxelles, La Galerie Camille von Scholz, Editions Camille von num\u00e9rot\u00e9s et sign\u00e9s, un des 6 original, d\u00e9coup\u00e9 num\u00e9rot\u00e9 et sign\u00e9.<\/p>\n<p>Un livre blanco reli\u00e9 en forme du mot \u2018Book\u2019 en Azart (un alphabet d\u00e9velopp\u00e9 par Monika Droste et Guy Rombouts). La page de la justification de tirage sur une feuille ins\u00e9r\u00e9e.<\/p>\n<p>25:18cm.<\/p>","protected":false},"featured_media":1156,"template":"","meta":[],"product_brand":[],"product_cat":[269,17],"product_tag":[400,401,402],"class_list":{"0":"post-1155","1":"product","2":"type-product","3":"status-publish","4":"has-post-thumbnail","6":"product_cat-artists-books","7":"product_cat-kunst","8":"product_tag-camille-von-scholz","9":"product_tag-guy-rombouts","10":"product_tag-monika-droste","12":"first","13":"outofstock","14":"sold-individually","15":"shipping-taxable","16":"product-type-simple"},"_links":{"self":[{"href":"https:\/\/www.demian.be\/en\/wp-json\/wp\/v2\/product\/1155","targetHints":{"allow":["GET"]}}],"collection":[{"href":"https:\/\/www.demian.be\/en\/wp-json\/wp\/v2\/product"}],"about":[{"href":"https:\/\/www.demian.be\/en\/wp-json\/wp\/v2\/types\/product"}],"wp:featuredmedia":[{"embeddable":true,"href":"https:\/\/www.demian.be\/en\/wp-json\/wp\/v2\/media\/1156"}],"wp:attachment":[{"href":"https:\/\/www.demian.be\/en\/wp-json\/wp\/v2\/media?parent=1155"}],"wp:term":[{"taxonomy":"product_brand","embeddable":true,"href":"https:\/\/www.demian.be\/en\/wp-json\/wp\/v2\/product_brand?post=1155"},{"taxonomy":"product_cat","embeddable":true,"href":"https:\/\/www.demian.be\/en\/wp-json\/wp\/v2\/product_cat?post=1155"},{"taxonomy":"product_tag","embeddable":true,"href":"https:\/\/www.demian.be\/en\/wp-json\/wp\/v2\/product_tag?post=1155"}],"curies":[{"name":"wp","href":"https:\/\/api.w.org\/{rel}","templated":true}]}}