{"id":1175,"date":"2016-11-29T10:53:29","date_gmt":"2016-11-29T10:53:29","guid":{"rendered":"http:\/\/www.demian.be\/product\/gilles-richard-traces-feu-dans-la-foret-dauxonne\/"},"modified":"2016-11-29T10:53:29","modified_gmt":"2016-11-29T10:53:29","slug":"gilles-richard-traces-feu-dans-la-foret-dauxonne","status":"publish","type":"product","link":"https:\/\/www.demian.be\/en\/product\/gilles-richard-traces-feu-dans-la-foret-dauxonne\/","title":{"rendered":"Gilles Richard. Traces de feu dans la for\u00eat d\u2019Auxonne."},"content":{"rendered":"","protected":false},"excerpt":{"rendered":"<p>1973 Hamburg, Editions Hossmann, num\u00e9ro deux de trente exemplaires sign\u00e9s et num\u00e9rot\u00e9s. Trois feuilles avec 21 photos originales.<\/p>","protected":false},"featured_media":1176,"template":"","meta":[],"product_brand":[],"product_cat":[269,17],"product_tag":[426],"class_list":{"0":"post-1175","1":"product","2":"type-product","3":"status-publish","4":"has-post-thumbnail","6":"product_cat-artists-books","7":"product_cat-kunst","8":"product_tag-gilles-richard","10":"first","11":"outofstock","12":"sold-individually","13":"shipping-taxable","14":"product-type-simple"},"_links":{"self":[{"href":"https:\/\/www.demian.be\/en\/wp-json\/wp\/v2\/product\/1175","targetHints":{"allow":["GET"]}}],"collection":[{"href":"https:\/\/www.demian.be\/en\/wp-json\/wp\/v2\/product"}],"about":[{"href":"https:\/\/www.demian.be\/en\/wp-json\/wp\/v2\/types\/product"}],"wp:featuredmedia":[{"embeddable":true,"href":"https:\/\/www.demian.be\/en\/wp-json\/wp\/v2\/media\/1176"}],"wp:attachment":[{"href":"https:\/\/www.demian.be\/en\/wp-json\/wp\/v2\/media?parent=1175"}],"wp:term":[{"taxonomy":"product_brand","embeddable":true,"href":"https:\/\/www.demian.be\/en\/wp-json\/wp\/v2\/product_brand?post=1175"},{"taxonomy":"product_cat","embeddable":true,"href":"https:\/\/www.demian.be\/en\/wp-json\/wp\/v2\/product_cat?post=1175"},{"taxonomy":"product_tag","embeddable":true,"href":"https:\/\/www.demian.be\/en\/wp-json\/wp\/v2\/product_tag?post=1175"}],"curies":[{"name":"wp","href":"https:\/\/api.w.org\/{rel}","templated":true}]}}