{"id":1177,"date":"2016-11-29T14:16:00","date_gmt":"2016-11-29T14:16:00","guid":{"rendered":"http:\/\/www.demian.be\/product\/witold-gombrowicz-dix-lettres-en-manuscrit-original-et-un-portrait-photographique-de-lauteur\/"},"modified":"2025-01-19T12:25:51","modified_gmt":"2025-01-19T12:25:51","slug":"witold-gombrowicz-dix-lettres-en-manuscrit-original-et-un-portrait-photographique-de-lauteur","status":"publish","type":"product","link":"https:\/\/www.demian.be\/en\/product\/witold-gombrowicz-dix-lettres-en-manuscrit-original-et-un-portrait-photographique-de-lauteur\/","title":{"rendered":"Witold Gombrowicz. Dix lettres en manuscrit original et un portrait photographique de l\u2019auteur."},"content":{"rendered":"<p>\u201cLo (sic) interview me parait tres r\u00e9ussie.\/ J \u2019esp\u00e8re que vous n\u2019aurez pas trop de dif\ufb01cult\u00e9s\/ a d\u00e9chiffrer mon barbouillage. Et prenez en compte\/ que mon fran\u00e7ais est fort \u00e9loign\u00e9 de la perfection.\/ Je serais, naturellement,\/ tres satisfait si cette interview puisse (sic) \u00eatre publi\u00e9e\/ dans d\u2019autres pays. Mais en France et en Allemagne\/ mon \u2018Journal\u2019 \u00e9t\u00e9 deja (sic) \u00e9dit\u00e9. Je ne sais pas jusqu\u2019a\/ quel point ca constitue un obstacle.\/\u00a0Ce n\u2019est pas la premiere\/ fois que mes livres me procurent un ami. Merci. Et\/ c\u2019est important de savoir que mes \u00e9crits peuvent vous \u00eatre\/ utiles dans votre lutte, laquelle, je m\u2019imagine, en\/ Belgique et en Hollande, ne doit pas \u00eatre facile.\u201d<\/p>\n<p>\u201cVous m\u2019avez\/ rendu un grand service en publiant cette interview, c\u2019est un\/ texte frappant, autant par ce que vous dites au commence-\/ ment, que par le dialogue qui suit. Cela vaut mieux que dix\/ \u2018critiques\u2019. Merci! Merci!\u201d<\/p>\n<p>\u201cJe vous pr\u00e9viens que mes relations\/ avec l\u2019existentialisme sartrien sont fort compliqu\u00e9es. Choisissez\/ peut-\u00eatre un autre theme&#8230; En base de mon Journal vous\/ pourriez p.e. me presenter comme une \u2018detente\u2019, une reaction\/ contre la periode de\u2018tension\u2019 dans la philosophie, l\u2019art etc.\/ C\u2019est une sugestion (sic), rien de plus. H\u00e9las, tout ce qu\u2019on a \u00e9crit\/ sur moi est tellement fragmentaire que cela ne peut pas vous\/ \u00eatre utile.\u00a0Et je ne suis pas philosophe, je suis artiste.\u201d<\/p>\n<p>\u201cje vois que vous aussi vous aimez pro-\/ voquer des temp\u00eates. Tres bien! Pour avoir des amis\/ il faut avoir des ennemis.\u201d<\/p>\n<p><img loading=\"lazy\" decoding=\"async\" class=\"alignnone wp-image-1178 size-full\" src=\"http:\/\/www.demian.be\/wp-content\/uploads\/2016\/11\/Brieven-e1480421704209.jpg\" alt=\"Demian-antiquariaat-Witold Gombrowicz. Dix lettres en manuscrit original et un portrait photographique de l\u2019auteur.\" width=\"1200\" height=\"1021\" \/><\/p>","protected":false},"excerpt":{"rendered":"<p>Decembre 1964 &#8211; ao\u00fbt 1965. Correspondance avec Julien Weverbergh (auteur et \u00e9diteur belge) au suj et d\u2019une interview par \u00e9crit dans la revue litteraire \u2018Komma\u2019 et des possibilit\u00e9s de traductions en neerlandais de quelques titres.<\/p>\n<p>11p. perfor\u00e9es. Deux lettres avec traces d\u2019eau et une lettre avec de petites rousseurs.<\/p>","protected":false},"featured_media":1178,"template":"","meta":[],"product_brand":[],"product_cat":[25,251],"product_tag":[427,428],"class_list":{"0":"post-1177","1":"product","2":"type-product","3":"status-publish","4":"has-post-thumbnail","6":"product_cat-archivalia","7":"product_cat-handschriften","8":"product_tag-handschrift","9":"product_tag-witold-gombrowicz","11":"first","12":"instock","13":"sold-individually","14":"shipping-taxable","15":"purchasable","16":"product-type-simple"},"_links":{"self":[{"href":"https:\/\/www.demian.be\/en\/wp-json\/wp\/v2\/product\/1177","targetHints":{"allow":["GET"]}}],"collection":[{"href":"https:\/\/www.demian.be\/en\/wp-json\/wp\/v2\/product"}],"about":[{"href":"https:\/\/www.demian.be\/en\/wp-json\/wp\/v2\/types\/product"}],"wp:featuredmedia":[{"embeddable":true,"href":"https:\/\/www.demian.be\/en\/wp-json\/wp\/v2\/media\/1178"}],"wp:attachment":[{"href":"https:\/\/www.demian.be\/en\/wp-json\/wp\/v2\/media?parent=1177"}],"wp:term":[{"taxonomy":"product_brand","embeddable":true,"href":"https:\/\/www.demian.be\/en\/wp-json\/wp\/v2\/product_brand?post=1177"},{"taxonomy":"product_cat","embeddable":true,"href":"https:\/\/www.demian.be\/en\/wp-json\/wp\/v2\/product_cat?post=1177"},{"taxonomy":"product_tag","embeddable":true,"href":"https:\/\/www.demian.be\/en\/wp-json\/wp\/v2\/product_tag?post=1177"}],"curies":[{"name":"wp","href":"https:\/\/api.w.org\/{rel}","templated":true}]}}