{"id":1855,"date":"2019-04-28T19:10:24","date_gmt":"2019-04-28T19:10:24","guid":{"rendered":"http:\/\/www.demian.be\/product\/tristan-dereme-le-poeme-de-la-pipe-de-lescargot\/"},"modified":"2022-12-20T18:50:57","modified_gmt":"2022-12-20T18:50:57","slug":"tristan-dereme-le-poeme-de-la-pipe-de-lescargot","status":"publish","type":"product","link":"https:\/\/www.demian.be\/en\/product\/tristan-dereme-le-poeme-de-la-pipe-de-lescargot\/","title":{"rendered":"Tristan Der\u00e8me. Le po\u00ebme de la pipe &#038; de l\u2019escargot."},"content":{"rendered":"<p><img loading=\"lazy\" decoding=\"async\" class=\"alignnone wp-image-1856\" src=\"http:\/\/www.demian.be\/wp-content\/uploads\/2019\/04\/tristandereme-576x1024.jpg\" alt=\"Tristan Der\u00e8me. Demian boeken Antwerpen.\" width=\"516\" height=\"917\" \/><\/p>","protected":false},"excerpt":{"rendered":"<p>1920 Paris, Emile-Paul Fr\u00e8res, edition originale, un des 500 exemplaires num\u00e9rot\u00e9es sur papier verg\u00e9 teint\u00e9, 23p. 21,5:16 cm.<\/p>\n<p>Couverture partiellement d\u00e9color\u00e9e.<\/p>","protected":false},"featured_media":1856,"template":"","meta":[],"product_brand":[],"product_cat":[161,166],"product_tag":[553],"class_list":{"0":"post-1855","1":"product","2":"type-product","3":"status-publish","4":"has-post-thumbnail","6":"product_cat-literatuur","7":"product_cat-litterature-francaise","8":"product_tag-tristan-dereme","10":"first","11":"instock","12":"shipping-taxable","13":"purchasable","14":"product-type-simple"},"_links":{"self":[{"href":"https:\/\/www.demian.be\/en\/wp-json\/wp\/v2\/product\/1855","targetHints":{"allow":["GET"]}}],"collection":[{"href":"https:\/\/www.demian.be\/en\/wp-json\/wp\/v2\/product"}],"about":[{"href":"https:\/\/www.demian.be\/en\/wp-json\/wp\/v2\/types\/product"}],"wp:featuredmedia":[{"embeddable":true,"href":"https:\/\/www.demian.be\/en\/wp-json\/wp\/v2\/media\/1856"}],"wp:attachment":[{"href":"https:\/\/www.demian.be\/en\/wp-json\/wp\/v2\/media?parent=1855"}],"wp:term":[{"taxonomy":"product_brand","embeddable":true,"href":"https:\/\/www.demian.be\/en\/wp-json\/wp\/v2\/product_brand?post=1855"},{"taxonomy":"product_cat","embeddable":true,"href":"https:\/\/www.demian.be\/en\/wp-json\/wp\/v2\/product_cat?post=1855"},{"taxonomy":"product_tag","embeddable":true,"href":"https:\/\/www.demian.be\/en\/wp-json\/wp\/v2\/product_tag?post=1855"}],"curies":[{"name":"wp","href":"https:\/\/api.w.org\/{rel}","templated":true}]}}