{"id":1876,"date":"2019-04-28T20:14:52","date_gmt":"2019-04-28T20:14:52","guid":{"rendered":"http:\/\/www.demian.be\/product\/willy-decorte-collectie\/"},"modified":"2022-12-20T12:26:11","modified_gmt":"2022-12-20T12:26:11","slug":"willy-decorte-collectie","status":"publish","type":"product","link":"https:\/\/www.demian.be\/en\/product\/willy-decorte-collectie\/","title":{"rendered":"Willy Decorte. Collectie."},"content":{"rendered":"","protected":false},"excerpt":{"rendered":"<p>Twintig, deels gefotokopieerde of gestencilde en deels handgeschreven, zelf in elkaar gezette bundeltjes (meestal met \u00e9\u00e9n gedicht) van de Antwerpse caf\u00e9dichter Willy Decorte, uit de periode van 1972 tot 1986.<\/p>\n<p>\u2018Elegie voor de gepelde garnaal\u2019, \u2018Menswaardig\u2019, \u2018Antwerpen Stad aan de stroom\u2019, \u2018Nattigheid\u2019, \u2018Ballade voor de sterke staat\u2019, \u2018Het land der vrijen\u2019, \u2018De Apenkoning\u2019, \u2018De rozen\u2019, \u2018Modern geuzenlied\u2019, \u2018Windenkind\u2019, \u2018Traagheid en trein\u2019, \u2018Schaak\u2019, \u2018Morgen\u2019, \u2018De Javaanse rots\u2019, \u2018protestballade\u2019, \u2018Liederen bij een galgemaal\u2019, \u2018Vijf Plezante Liedjes, \u2018Talisman\u2019, \u20186 liederteksten\u2019, \u2018Herinneringen aan Ultima Thule\u2019<\/p>","protected":false},"featured_media":1877,"template":"","meta":[],"product_brand":[],"product_cat":[161,196],"product_tag":[560],"class_list":{"0":"post-1876","1":"product","2":"type-product","3":"status-publish","4":"has-post-thumbnail","6":"product_cat-literatuur","7":"product_cat-poezie","8":"product_tag-willy-decorte","10":"first","11":"outofstock","12":"sold-individually","13":"shipping-taxable","14":"product-type-simple"},"_links":{"self":[{"href":"https:\/\/www.demian.be\/en\/wp-json\/wp\/v2\/product\/1876","targetHints":{"allow":["GET"]}}],"collection":[{"href":"https:\/\/www.demian.be\/en\/wp-json\/wp\/v2\/product"}],"about":[{"href":"https:\/\/www.demian.be\/en\/wp-json\/wp\/v2\/types\/product"}],"wp:featuredmedia":[{"embeddable":true,"href":"https:\/\/www.demian.be\/en\/wp-json\/wp\/v2\/media\/1877"}],"wp:attachment":[{"href":"https:\/\/www.demian.be\/en\/wp-json\/wp\/v2\/media?parent=1876"}],"wp:term":[{"taxonomy":"product_brand","embeddable":true,"href":"https:\/\/www.demian.be\/en\/wp-json\/wp\/v2\/product_brand?post=1876"},{"taxonomy":"product_cat","embeddable":true,"href":"https:\/\/www.demian.be\/en\/wp-json\/wp\/v2\/product_cat?post=1876"},{"taxonomy":"product_tag","embeddable":true,"href":"https:\/\/www.demian.be\/en\/wp-json\/wp\/v2\/product_tag?post=1876"}],"curies":[{"name":"wp","href":"https:\/\/api.w.org\/{rel}","templated":true}]}}