{"id":3192,"date":"2021-02-19T14:31:56","date_gmt":"2021-02-19T14:31:56","guid":{"rendered":"http:\/\/www.demian.be\/?post_type=product&#038;p=3192"},"modified":"2022-12-19T19:23:55","modified_gmt":"2022-12-19T19:23:55","slug":"gaston-burssens-floris-jespers-klemmen-voor-zangvogels","status":"publish","type":"product","link":"https:\/\/www.demian.be\/en\/product\/gaston-burssens-floris-jespers-klemmen-voor-zangvogels\/","title":{"rendered":"Gaston Burssens \/ Floris Jespers. Klemmen voor zangvogels."},"content":{"rendered":"","protected":false},"excerpt":{"rendered":"<p>Gaston Burssens. Klemmen voor zangvogels. Ge\u00efllustreerd door Floris Jespers. 1930 Wilrijk &#8211; Antwerpen, Avontuur, eerste druk, \u00e9\u00e9n van de 25 gesigneerde luxe-exemplaren op &#8216;Velin blanc de Vidalon&#8217;, met vier losse originele genummerde en gesigneerde etsen gedrukt op Chinese zijde en Japans papier, 93p. Ingenaaid. In linnen doosje met deksel (23:15 cm.). Het doosje is nogal krap van formaat, waardoor het geheel nogal strak in de houder zit. Pracht exemplaar!<\/p>","protected":false},"featured_media":2922,"template":"","meta":[],"product_brand":[],"product_cat":[17,211,161,181,196],"product_tag":[604,605,834,170],"class_list":{"0":"post-3192","1":"product","2":"type-product","3":"status-publish","4":"has-post-thumbnail","6":"product_cat-kunst","7":"product_cat-kunstwerken","8":"product_cat-literatuur","9":"product_cat-nederlandse-literatuur","10":"product_cat-poezie","11":"product_tag-avontuur","12":"product_tag-floris-jespers","13":"product_tag-gaston-burssens","14":"product_tag-gesigneerd","16":"first","17":"outofstock","18":"shipping-taxable","19":"product-type-simple"},"_links":{"self":[{"href":"https:\/\/www.demian.be\/en\/wp-json\/wp\/v2\/product\/3192","targetHints":{"allow":["GET"]}}],"collection":[{"href":"https:\/\/www.demian.be\/en\/wp-json\/wp\/v2\/product"}],"about":[{"href":"https:\/\/www.demian.be\/en\/wp-json\/wp\/v2\/types\/product"}],"wp:featuredmedia":[{"embeddable":true,"href":"https:\/\/www.demian.be\/en\/wp-json\/wp\/v2\/media\/2922"}],"wp:attachment":[{"href":"https:\/\/www.demian.be\/en\/wp-json\/wp\/v2\/media?parent=3192"}],"wp:term":[{"taxonomy":"product_brand","embeddable":true,"href":"https:\/\/www.demian.be\/en\/wp-json\/wp\/v2\/product_brand?post=3192"},{"taxonomy":"product_cat","embeddable":true,"href":"https:\/\/www.demian.be\/en\/wp-json\/wp\/v2\/product_cat?post=3192"},{"taxonomy":"product_tag","embeddable":true,"href":"https:\/\/www.demian.be\/en\/wp-json\/wp\/v2\/product_tag?post=3192"}],"curies":[{"name":"wp","href":"https:\/\/api.w.org\/{rel}","templated":true}]}}