{"id":3292,"date":"2021-05-22T07:35:42","date_gmt":"2021-05-22T07:35:42","guid":{"rendered":"http:\/\/www.demian.be\/?post_type=product&#038;p=3292"},"modified":"2023-08-15T12:26:06","modified_gmt":"2023-08-15T12:26:06","slug":"guy-vaes-octobre-long-dimanche-roman","status":"publish","type":"product","link":"https:\/\/www.demian.be\/en\/product\/guy-vaes-octobre-long-dimanche-roman\/","title":{"rendered":"Guy Vaes. Octobre, long dimanche. Roman."},"content":{"rendered":"","protected":false},"excerpt":{"rendered":"<p>1956 Paris, Librairie Plon, \u00e9dition originale, 310p. 19:12 cm. Broch\u00e9. Avec d\u00e9dicace a Alain Germoz:<\/p>\n<p>\u201cA mon vieil ami Alain,\/ cet \u2018Octobre,\/ long dimanche\u2019\/ dans lequel il retrouvera le\/ principe qui nous obs\u00e9de de-\/ puis des ann\u00e9es:\/ Pour une robuste d\u00e9cadence\/ et pour une vaine morbidit\u00e9.\/ Avec toute l\u2019amiti\u00e9\/ de ton compagnon plan\u00e9-\/ taire\/ Guy Vaes\u201d<\/p>","protected":false},"featured_media":3293,"template":"","meta":[],"product_brand":[],"product_cat":[161,166],"product_tag":[864,292],"class_list":{"0":"post-3292","1":"product","2":"type-product","3":"status-publish","4":"has-post-thumbnail","6":"product_cat-literatuur","7":"product_cat-litterature-francaise","8":"product_tag-alain-germoz","9":"product_tag-guy-vaes","11":"first","12":"outofstock","13":"shipping-taxable","14":"product-type-simple"},"_links":{"self":[{"href":"https:\/\/www.demian.be\/en\/wp-json\/wp\/v2\/product\/3292","targetHints":{"allow":["GET"]}}],"collection":[{"href":"https:\/\/www.demian.be\/en\/wp-json\/wp\/v2\/product"}],"about":[{"href":"https:\/\/www.demian.be\/en\/wp-json\/wp\/v2\/types\/product"}],"wp:featuredmedia":[{"embeddable":true,"href":"https:\/\/www.demian.be\/en\/wp-json\/wp\/v2\/media\/3293"}],"wp:attachment":[{"href":"https:\/\/www.demian.be\/en\/wp-json\/wp\/v2\/media?parent=3292"}],"wp:term":[{"taxonomy":"product_brand","embeddable":true,"href":"https:\/\/www.demian.be\/en\/wp-json\/wp\/v2\/product_brand?post=3292"},{"taxonomy":"product_cat","embeddable":true,"href":"https:\/\/www.demian.be\/en\/wp-json\/wp\/v2\/product_cat?post=3292"},{"taxonomy":"product_tag","embeddable":true,"href":"https:\/\/www.demian.be\/en\/wp-json\/wp\/v2\/product_tag?post=3292"}],"curies":[{"name":"wp","href":"https:\/\/api.w.org\/{rel}","templated":true}]}}