{"id":4049,"date":"2024-03-18T07:39:05","date_gmt":"2024-03-18T07:39:05","guid":{"rendered":"https:\/\/www.demian.be\/?post_type=product&#038;p=4049"},"modified":"2024-06-04T17:04:04","modified_gmt":"2024-06-04T17:04:04","slug":"axe","status":"publish","type":"product","link":"https:\/\/www.demian.be\/en\/product\/axe\/","title":{"rendered":"Guy Schraenen. AXE"},"content":{"rendered":"<p><img loading=\"lazy\" decoding=\"async\" class=\"alignnone size-full wp-image-4051\" src=\"http:\/\/www.demian.be\/wp-content\/uploads\/2023\/03\/IMG_3574-scaled.jpg\" alt=\"AXE Guy Schraenen, Demian\" width=\"2560\" height=\"1566\" srcset=\"https:\/\/www.demian.be\/wp-content\/uploads\/2023\/03\/IMG_3574-scaled.jpg 2560w, https:\/\/www.demian.be\/wp-content\/uploads\/2023\/03\/IMG_3574-300x184.jpg 300w, https:\/\/www.demian.be\/wp-content\/uploads\/2023\/03\/IMG_3574-1024x626.jpg 1024w, https:\/\/www.demian.be\/wp-content\/uploads\/2023\/03\/IMG_3574-768x470.jpg 768w, https:\/\/www.demian.be\/wp-content\/uploads\/2023\/03\/IMG_3574-1536x940.jpg 1536w, https:\/\/www.demian.be\/wp-content\/uploads\/2023\/03\/IMG_3574-2048x1253.jpg 2048w, https:\/\/www.demian.be\/wp-content\/uploads\/2023\/03\/IMG_3574-18x12.jpg 18w, https:\/\/www.demian.be\/wp-content\/uploads\/2023\/03\/IMG_3574-80x50.jpg 80w\" sizes=\"auto, (max-width: 2560px) 100vw, 2560px\" \/><img loading=\"lazy\" decoding=\"async\" class=\"alignnone size-full wp-image-4052\" src=\"http:\/\/www.demian.be\/wp-content\/uploads\/2023\/03\/IMG_3575.jpg\" alt=\"AXE Guy Schraenen, Demian\" width=\"2483\" height=\"1543\" srcset=\"https:\/\/www.demian.be\/wp-content\/uploads\/2023\/03\/IMG_3575.jpg 2483w, https:\/\/www.demian.be\/wp-content\/uploads\/2023\/03\/IMG_3575-300x186.jpg 300w, https:\/\/www.demian.be\/wp-content\/uploads\/2023\/03\/IMG_3575-1024x636.jpg 1024w, https:\/\/www.demian.be\/wp-content\/uploads\/2023\/03\/IMG_3575-768x477.jpg 768w, https:\/\/www.demian.be\/wp-content\/uploads\/2023\/03\/IMG_3575-1536x955.jpg 1536w, https:\/\/www.demian.be\/wp-content\/uploads\/2023\/03\/IMG_3575-2048x1273.jpg 2048w, https:\/\/www.demian.be\/wp-content\/uploads\/2023\/03\/IMG_3575-18x12.jpg 18w, https:\/\/www.demian.be\/wp-content\/uploads\/2023\/03\/IMG_3575-80x50.jpg 80w\" sizes=\"auto, (max-width: 2483px) 100vw, 2483px\" \/><\/p>","protected":false},"excerpt":{"rendered":"<p>Revue 1-3 (all published). 1975-1976 Antwerpen, Guy Schraenen, limited to 500 copies, one of the 370 \u00a0numbered regular copies, complete in original slip-case. 30,5:21,5 cm.<\/p>\n<p>All contributions (in silk-screen, offset and letterpress on various papers)\u00a0are presented in a sparkling variety: foldouts, collages, vinyl, separate booklets.<\/p>\n<p>Each issue contains a 7-inch vinyl dedicated to sound poetry: Henri Chopin &amp; Brion Gysin [Axe 1], Brion Gysin and Fran\u00e7ois Dufr\u00eane [Axe 2], Sten Hanson [Axe 3].<\/p>\n<p>Artists:<br \/>\nRoy Adzak,\u00a0Eduard Bal, Antoine de Bary, Maurice Benhamou, Bram Bogart , Henri Chopin, Hugo De Clercq,\u00a0Niko van Daele,\u00a0Degottex, Jo Delahaut, Mirtha Dermisache, Fran\u00e7ois Dufr\u00eane, Esmeraldo, John Giorno, Ren\u00e9 Guiette,\u00a0Brion Gysin, Sten Hanson,\u00a0Bernard Heidsieck, Arrigo Lora-Totino, Fran\u00e7oise Mairey,\u00a0Paul van Ostaijen, Plessi, Klaus Ritterbusch, L.J.P. Schelfhout, Ung No Lee.<\/p>\n<p>Guy Schraenen&#8217;s amazing multimedia magazine in fine condition.<\/p>\n","protected":false},"featured_media":4050,"template":"","meta":[],"product_brand":[],"product_cat":[269,17],"product_tag":[1023,1035,1042,323,1025,408,1028,321,1031,326,1036,1041,222,1026,1029,1032,1038,1039,1024,1030,1027,95,1037,1033,1022,1034,1040],"class_list":{"0":"post-4049","1":"product","2":"type-product","3":"status-publish","4":"has-post-thumbnail","6":"product_cat-artists-books","7":"product_cat-kunst","8":"product_tag-antoine-de-bary","9":"product_tag-arrigo-lora-totino","10":"product_tag-artists-book","11":"product_tag-bernard-heidsieck","12":"product_tag-bram-bogart","13":"product_tag-brion-gysin","14":"product_tag-degottex","15":"product_tag-eduard-bal","16":"product_tag-esmeraldo","17":"product_tag-francois-dufrene","18":"product_tag-francoise-mairey","19":"product_tag-guy-schraenen","20":"product_tag-henri-chopin","21":"product_tag-hugo-de-clercq","22":"product_tag-jo-delahaut","23":"product_tag-john-giorno","24":"product_tag-klaus-ritterbusch","25":"product_tag-l-j-p-schelfhout","26":"product_tag-maurice-benhamou","27":"product_tag-mirtha-dermisache","28":"product_tag-niko-van-daele","29":"product_tag-paul-van-ostaijen","30":"product_tag-plessi","31":"product_tag-rene-guiette","32":"product_tag-roy-adzak","33":"product_tag-sten-hanson","34":"product_tag-ung-no-lee","36":"first","37":"instock","38":"shipping-taxable","39":"purchasable","40":"product-type-simple"},"_links":{"self":[{"href":"https:\/\/www.demian.be\/en\/wp-json\/wp\/v2\/product\/4049","targetHints":{"allow":["GET"]}}],"collection":[{"href":"https:\/\/www.demian.be\/en\/wp-json\/wp\/v2\/product"}],"about":[{"href":"https:\/\/www.demian.be\/en\/wp-json\/wp\/v2\/types\/product"}],"wp:featuredmedia":[{"embeddable":true,"href":"https:\/\/www.demian.be\/en\/wp-json\/wp\/v2\/media\/4050"}],"wp:attachment":[{"href":"https:\/\/www.demian.be\/en\/wp-json\/wp\/v2\/media?parent=4049"}],"wp:term":[{"taxonomy":"product_brand","embeddable":true,"href":"https:\/\/www.demian.be\/en\/wp-json\/wp\/v2\/product_brand?post=4049"},{"taxonomy":"product_cat","embeddable":true,"href":"https:\/\/www.demian.be\/en\/wp-json\/wp\/v2\/product_cat?post=4049"},{"taxonomy":"product_tag","embeddable":true,"href":"https:\/\/www.demian.be\/en\/wp-json\/wp\/v2\/product_tag?post=4049"}],"curies":[{"name":"wp","href":"https:\/\/api.w.org\/{rel}","templated":true}]}}