{"id":4152,"date":"2023-11-28T17:08:38","date_gmt":"2023-11-28T17:08:38","guid":{"rendered":"https:\/\/www.demian.be\/?post_type=product&#038;p=4152"},"modified":"2023-11-28T17:12:14","modified_gmt":"2023-11-28T17:12:14","slug":"paul-gustave-van-hecke-miousic","status":"publish","type":"product","link":"https:\/\/www.demian.be\/en\/product\/paul-gustave-van-hecke-miousic\/","title":{"rendered":"Paul-Gustave van Hecke. Miousic."},"content":{"rendered":"","protected":false},"excerpt":{"rendered":"<p>Sept po\u00e8mes a la louange de la musique baroque. With seven drawings by G\u00e9o Navez. 1921 Bruxelles, Editions S\u00e9lection, first edition, one of 100 numbered copies on \u2018Hollands van Gelder\u2019. 45p. 33:23,5 cm. Unopened.<\/p>\n<p>An early poetic work on Jazz music by one of the two directors of the important Belgian art periodical S\u00e9lection.<\/p>\n<p>Although the titlepage mentions that the illustrations were hand coloured by the artist, most of the copies, like this one also, remained uncolored.<\/p>\n<p>The eye-catching cover, printed in red and black, is filled with humorous advertisements that relate somehow to the poet\u2019s habits and customs, providing the book with a dada\u00efstic look.<\/p>","protected":false},"featured_media":4153,"template":"","meta":[],"product_brand":[],"product_cat":[17,161,166],"product_tag":[1074,1076,1075,1073],"class_list":{"0":"post-4152","1":"product","2":"type-product","3":"status-publish","4":"has-post-thumbnail","6":"product_cat-kunst","7":"product_cat-literatuur","8":"product_cat-litterature-francaise","9":"product_tag-geo-navez","10":"product_tag-jazz","11":"product_tag-paul-gustave-van-hecke","12":"product_tag-selection","14":"first","15":"instock","16":"shipping-taxable","17":"purchasable","18":"product-type-simple"},"_links":{"self":[{"href":"https:\/\/www.demian.be\/en\/wp-json\/wp\/v2\/product\/4152","targetHints":{"allow":["GET"]}}],"collection":[{"href":"https:\/\/www.demian.be\/en\/wp-json\/wp\/v2\/product"}],"about":[{"href":"https:\/\/www.demian.be\/en\/wp-json\/wp\/v2\/types\/product"}],"wp:featuredmedia":[{"embeddable":true,"href":"https:\/\/www.demian.be\/en\/wp-json\/wp\/v2\/media\/4153"}],"wp:attachment":[{"href":"https:\/\/www.demian.be\/en\/wp-json\/wp\/v2\/media?parent=4152"}],"wp:term":[{"taxonomy":"product_brand","embeddable":true,"href":"https:\/\/www.demian.be\/en\/wp-json\/wp\/v2\/product_brand?post=4152"},{"taxonomy":"product_cat","embeddable":true,"href":"https:\/\/www.demian.be\/en\/wp-json\/wp\/v2\/product_cat?post=4152"},{"taxonomy":"product_tag","embeddable":true,"href":"https:\/\/www.demian.be\/en\/wp-json\/wp\/v2\/product_tag?post=4152"}],"curies":[{"name":"wp","href":"https:\/\/api.w.org\/{rel}","templated":true}]}}