{"id":4175,"date":"2024-02-21T07:46:33","date_gmt":"2024-02-21T07:46:33","guid":{"rendered":"https:\/\/www.demian.be\/?post_type=product&#038;p=4175"},"modified":"2025-02-17T09:05:06","modified_gmt":"2025-02-17T09:05:06","slug":"paul-nouge-histoire-de-ne-pas-rire","status":"publish","type":"product","link":"https:\/\/www.demian.be\/en\/product\/paul-nouge-histoire-de-ne-pas-rire\/","title":{"rendered":"Paul Noug\u00e9. Histoire de ne pas rire"},"content":{"rendered":"","protected":false},"excerpt":{"rendered":"<p>1956 Bruxelles. Editions de la revue Les L\u00e8vres Nues, \u00e9dition originale. 315p. 21:14 cm. Broch\u00e9. Exemplaire non coup\u00e9.<\/p>","protected":false},"featured_media":4176,"template":"","meta":[],"product_brand":[],"product_cat":[17],"product_tag":[1080,491,1081],"class_list":{"0":"post-4175","1":"product","2":"type-product","3":"status-publish","4":"has-post-thumbnail","6":"product_cat-kunst","7":"product_tag-les-levres-nues","8":"product_tag-paul-nouge","9":"product_tag-surrealisme","11":"first","12":"instock","13":"shipping-taxable","14":"purchasable","15":"product-type-simple"},"_links":{"self":[{"href":"https:\/\/www.demian.be\/en\/wp-json\/wp\/v2\/product\/4175","targetHints":{"allow":["GET"]}}],"collection":[{"href":"https:\/\/www.demian.be\/en\/wp-json\/wp\/v2\/product"}],"about":[{"href":"https:\/\/www.demian.be\/en\/wp-json\/wp\/v2\/types\/product"}],"wp:featuredmedia":[{"embeddable":true,"href":"https:\/\/www.demian.be\/en\/wp-json\/wp\/v2\/media\/4176"}],"wp:attachment":[{"href":"https:\/\/www.demian.be\/en\/wp-json\/wp\/v2\/media?parent=4175"}],"wp:term":[{"taxonomy":"product_brand","embeddable":true,"href":"https:\/\/www.demian.be\/en\/wp-json\/wp\/v2\/product_brand?post=4175"},{"taxonomy":"product_cat","embeddable":true,"href":"https:\/\/www.demian.be\/en\/wp-json\/wp\/v2\/product_cat?post=4175"},{"taxonomy":"product_tag","embeddable":true,"href":"https:\/\/www.demian.be\/en\/wp-json\/wp\/v2\/product_tag?post=4175"}],"curies":[{"name":"wp","href":"https:\/\/api.w.org\/{rel}","templated":true}]}}